{"id":24,"date":"2021-10-07T12:40:39","date_gmt":"2021-10-07T09:40:39","guid":{"rendered":"http:\/\/vadina.domashm0.beget.tech\/?page_id=24"},"modified":"2021-11-11T10:34:52","modified_gmt":"2021-11-11T07:34:52","slug":"about","status":"publish","type":"page","link":"https:\/\/tehnonikoli.md\/ro\/about\/","title":{"rendered":"Despre noi"},"content":{"rendered":"<div data-elementor-type=\"wp-page\" data-elementor-id=\"24\" class=\"elementor elementor-24\" data-elementor-settings=\"[]\">\n\t\t\t\t\t\t<div class=\"elementor-inner\">\n\t\t\t\t\t\t\t<div class=\"elementor-section-wrap\">\n\t\t\t\t\t\t\t<section class=\"elementor-section elementor-top-section elementor-element elementor-element-7e1b73d5 elementor-section-stretched elementor-section-boxed elementor-section-height-default elementor-section-height-default\" data-id=\"7e1b73d5\" data-element_type=\"section\" data-settings=\"{&quot;background_background&quot;:&quot;classic&quot;,&quot;stretch_section&quot;:&quot;section-stretched&quot;}\">\n\t\t\t\t\t\t\t<div class=\"elementor-background-overlay\"><\/div>\n\t\t\t\t\t\t\t<div class=\"elementor-container elementor-column-gap-default\">\n\t\t\t\t\t\t\t<div class=\"elementor-row\">\n\t\t\t\t\t<div class=\"elementor-column elementor-col-50 elementor-top-column elementor-element elementor-element-4147d564\" data-id=\"4147d564\" data-element_type=\"column\">\n\t\t\t<div class=\"elementor-column-wrap elementor-element-populated\">\n\t\t\t\t\t\t\t<div class=\"elementor-widget-wrap\">\n\t\t\t\t\t\t<div class=\"elementor-element elementor-element-2f5753b0 elementor-widget elementor-widget-rt-title\" data-id=\"2f5753b0\" data-element_type=\"widget\" data-widget_type=\"rt-title.default\">\n\t\t\t\t<div class=\"elementor-widget-container\">\n\t\t\t<div class=\"heading-layout1new\">\t\t\t\r\n\t\t\t<div class=\"item-beforetitle item-subtitle\">Despre noi<\/div>\t\t\r\n\t\t<h2 class=\"item-title\"> FCP \u00abVADINA\u00bb SRL <\/h2>\r\n\t\t<\/div>\r\n\t\t<\/div>\n\t\t\t\t<\/div>\n\t\t\t\t<div class=\"elementor-element elementor-element-5b5d93f elementor-widget elementor-widget-text-editor\" data-id=\"5b5d93f\" data-element_type=\"widget\" data-widget_type=\"text-editor.default\">\n\t\t\t\t<div class=\"elementor-widget-container\">\n\t\t\t\t\t\t\t\t<div class=\"elementor-text-editor elementor-clearfix\">\n\t\t\t\t<p>FCP \u201eVADINA\u201d SRL este distribuitorul oficial al corpora\u021biei TECHNONICOL \u00een Moldova, cel mai mare furnizor de materiale pentru acoperi\u0219uri, c\u0103ldur\u0103 \u0219i hidroizola\u021bii.<\/p><p>Suntem pe pia\u021ba republicii de mai bine de 25 de ani \u0219i suntem specializa\u021bi exclusiv \u00een aprovizionarea direct\u0103 \u0219i angro cu toate tipurile de materiale moderne de acoperi\u0219, hidroizola\u021bie \u0219i termoizolare fonic\u0103.<\/p><p>Scopul nostru este de a satisface pe deplin nevoile clientului, ceea ce este facilitat de produc\u021bia modern\u0103 de materiale de c\u0103tre Corpora\u021bia TECHNONICOL \u0219i o gam\u0103 larg\u0103 de produse conexe.<\/p>\t\t\t\t\t<\/div>\n\t\t\t\t\t\t<\/div>\n\t\t\t\t<\/div>\n\t\t\t\t\t\t<\/div>\n\t\t\t\t\t<\/div>\n\t\t<\/div>\n\t\t\t\t<div class=\"elementor-column elementor-col-50 elementor-top-column elementor-element elementor-element-7476494\" data-id=\"7476494\" data-element_type=\"column\" data-settings=\"{&quot;animation&quot;:&quot;none&quot;}\">\n\t\t\t<div class=\"elementor-column-wrap elementor-element-populated\">\n\t\t\t\t\t\t\t<div class=\"elementor-widget-wrap\">\n\t\t\t\t\t\t<div class=\"elementor-element elementor-element-1ef2692 elementor-widget elementor-widget-text-editor\" data-id=\"1ef2692\" data-element_type=\"widget\" data-settings=\"{&quot;_animation&quot;:&quot;none&quot;}\" data-widget_type=\"text-editor.default\">\n\t\t\t\t<div class=\"elementor-widget-container\">\n\t\t\t\t\t\t\t\t<div class=\"elementor-text-editor elementor-clearfix\">\n\t\t\t\t<p><strong>V\u0103 prezent\u0103m o gam\u0103 larg\u0103 de materiale pentru construc\u021bii:<\/strong><\/p><ul><li>Placi flexibile TECHNONICOL SHINGLAS;<\/li><li>Placi de fatada TECHNONICOL HAUBERK;<\/li><li>Materiale pentru acoperi\u0219uri \u0219i hidroizola\u021bii;<\/li><li>Membrane polimerice (PVC \u0219i TPO) pentru acoperi\u0219uri, piscine;<\/li><li>\u041c\u0438\u043d\u0435\u0440\u0430\u043b\u044c\u043d\u0430\u044f \u043a\u0430\u043c\u0435\u043d\u043d\u0430\u044f \u0431\u0430\u0437\u0430\u043b\u044c\u0442\u043e\u0432\u0430\u044f \u0432\u0430\u0442\u0430;<\/li><li>Spum\u0103 de polistiren extrudat XPS;<\/li><li>Masticuri, grunduri, etan\u0219an\u021bi;<\/li><li>Spume profesionale \u0219i de uz casnic;<\/li><li>Siding de vinil;<\/li><li>Sisteme de drenaj, spoturi \u0219i multe altele.<\/li><\/ul><p>Compania noastr\u0103 particip\u0103 \u00een mod obi\u0219nuit la expozi\u021bii interna\u021bionale de construc\u021bii \u0219i a primit \u00een mod repetat premii \u0219i certificate onorifice. De asemenea, suntem implica\u021bi activ \u00een sponsorizare \u0219i activit\u0103\u021bi caritabile.<\/p><p>TECHNONICOL - doar cele mai bune materiale pentru acoperi\u0219uri, hidroizola\u021bii termice, fonice, precum \u0219i sisteme \u0219i tehnologii moderne pentru construc\u021bii.<\/p>\t\t\t\t\t<\/div>\n\t\t\t\t\t\t<\/div>\n\t\t\t\t<\/div>\n\t\t\t\t\t\t<\/div>\n\t\t\t\t\t<\/div>\n\t\t<\/div>\n\t\t\t\t\t\t\t\t<\/div>\n\t\t\t\t\t<\/div>\n\t\t<\/section>\n\t\t\t\t\t\t<\/div>\n\t\t\t\t\t\t<\/div>\n\t\t\t\t\t<\/div>","protected":false},"excerpt":{"rendered":"<p>\u041e \u043d\u0430\u0441 FCP \u00abVADINA\u00bb SRL FCP \u00abVADINA\u00bb SRL\u00a0&#8212; \u043e\u0444\u0438\u0446\u0438\u0430\u043b\u044c\u043d\u044b\u0439 \u0434\u0438\u0441\u0442\u0440\u0438\u0431\u044c\u044e\u0442\u043e\u0440 \u043a\u043e\u0440\u043f\u043e\u0440\u0430\u0446\u0438\u0438\u00a0\u00ab\u0422\u0415\u0425\u041d\u041e\u041d\u0418\u041a\u041e\u041b\u042c\u00bb\u0432 \u041c\u043e\u043b\u0434\u043e\u0432\u0435, \u043a\u0440\u0443\u043f\u043d\u0435\u0439\u0448\u0438\u0439 \u043f\u043e\u0441\u0442\u0430\u0432\u0449\u0438\u043a \u043a\u0440\u043e\u0432\u0435\u043b\u044c\u043d\u044b\u0445, \u0442\u0435\u043f\u043b\u043e- \u0438 \u0433\u0438\u0434\u0440\u043e\u0438\u0437\u043e\u043b\u044f\u0446\u0438\u043e\u043d\u043d\u044b\u0445 \u043c\u0430\u0442\u0435\u0440\u0438\u0430\u043b\u043e\u0432. \u041c\u044b \u043d\u0430 \u0440\u044b\u043d\u043a\u0435 \u0440\u0435\u0441\u043f\u0443\u0431\u043b\u0438\u043a\u0438 \u0431\u043e\u043b\u0435\u0435 25 \u043b\u0435\u0442 \u0438 \u0441\u043f\u0435\u0446\u0438\u0430\u043b\u0438\u0437\u0438\u0440\u0443\u0435\u043c\u0441\u044f \u0438\u0441\u043a\u043b\u044e\u0447\u0438\u0442\u0435\u043b\u044c\u043d\u043e \u043d\u0430 \u043f\u0440\u044f\u043c\u044b\u0445 \u043f\u043e\u0441\u0442\u0430\u0432\u043a\u0430\u0445 \u0432\u0441\u0435\u0445 \u0432\u0438\u0434\u043e\u0432 \u0441\u043e\u0432\u0440\u0435\u043c\u0435\u043d\u043d\u044b\u0445 \u043a\u0440\u043e\u0432\u0435\u043b\u044c\u043d\u044b\u0445, \u0442\u0435\u043f\u043b\u043e\u0438\u0437\u043e\u043b\u044f\u0446\u0438\u043e\u043d\u043d\u044b\u0445 \u0438 \u0433\u0438\u0434\u0440\u043e\u0438\u0437\u043e\u043b\u044f\u0446\u0438\u043e\u043d\u043d\u044b\u0445 \u043c\u0430\u0442\u0435\u0440\u0438\u0430\u043b\u043e\u0432. \u041d\u0430\u0448\u0430 \u0446\u0435\u043b\u044c \u2013 \u043c\u0430\u043a\u0441\u0438\u043c\u0430\u043b\u044c\u043d\u043e \u043f\u043e\u043b\u043d\u043e \u0443\u0434\u043e\u0432\u043b\u0435\u0442\u0432\u043e\u0440\u044f\u0442\u044c \u043f\u043e\u0442\u0440\u0435\u0431\u043d\u043e\u0441\u0442\u0438 \u0437\u0430\u043a\u0430\u0437\u0447\u0438\u043a\u0430, \u0447\u0435\u043c\u0443 \u0441\u043f\u043e\u0441\u043e\u0431\u0441\u0442\u0432\u0443\u044e\u0442 \u0441\u043e\u0432\u0440\u0435\u043c\u0435\u043d\u043d\u044b\u0435 \u043f\u0440\u043e\u0438\u0437\u0432\u043e\u0434\u0441\u0442\u0432\u0430 \u043c\u0430\u0442\u0435\u0440\u0438\u0430\u043b\u043e\u0432 \u043a\u043e\u0440\u043f\u043e\u0440\u0430\u0446\u0438\u0438\u00a0\u00ab\u0422\u0415\u0425\u041d\u041e\u041d\u0418\u041a\u041e\u041b\u042c\u00bb\u00a0\u0438 \u0448\u0438\u0440\u043e\u043a\u0438\u0439&#8230;<\/p>","protected":false},"author":1,"featured_media":0,"parent":0,"menu_order":0,"comment_status":"closed","ping_status":"closed","template":"elementor_header_footer","meta":[],"yoast_head":"<!-- This site is optimized with the Yoast SEO plugin v18.5.1 - https:\/\/yoast.com\/wordpress\/plugins\/seo\/ -->\n<title>\u0418\u043d\u0444\u043e\u0440\u043c\u0430\u0446\u0438\u044f \u043e \u043a\u043e\u043c\u043f\u0430\u043d\u0438\u0438 \u041e\u041e\u041e \u041a\u0440\u043e\u0432\u043b\u044f\u0421\u0438\u0442\u0438 - Tehnonikoli.md<\/title>\n<meta name=\"description\" content=\"\u0418\u043d\u0444\u043e\u0440\u043c\u0430\u0446\u0438\u044f \u043e \u043a\u043e\u043c\u043f\u0430\u043d\u0438\u0438, \u0442\u0435\u043b\u0435\u0444\u043e\u043d, \u0430\u0434\u0440\u0435\u0441, \u0444\u043e\u0440\u043c\u0430 \u0441\u043e\u0431\u0441\u0442\u0432\u0435\u043d\u043d\u043e\u0441\u0442\u0438, \u043f\u0440\u0435\u0434\u043e\u0441\u0442\u0430\u0432\u043b\u044f\u0435\u043c\u044b\u0435 \u0442\u043e\u0432\u0430\u0440\u044b \u0438 \u0443\u0441\u043b\u0443\u0433\u0438, \u041e\u041e\u041e \u041a\u0440\u043e\u0432\u043b\u044f\u0421\u0438\u0442\u0438\" \/>\n<meta name=\"robots\" content=\"index, follow, max-snippet:-1, max-image-preview:large, max-video-preview:-1\" \/>\n<link rel=\"canonical\" href=\"https:\/\/tehnonikoli.md\/ro\/about\/\" \/>\n<meta property=\"og:locale\" content=\"ro_RO\" \/>\n<meta property=\"og:type\" content=\"article\" \/>\n<meta property=\"og:title\" content=\"\u0418\u043d\u0444\u043e\u0440\u043c\u0430\u0446\u0438\u044f \u043e \u043a\u043e\u043c\u043f\u0430\u043d\u0438\u0438 \u041e\u041e\u041e \u041a\u0440\u043e\u0432\u043b\u044f\u0421\u0438\u0442\u0438 - Tehnonikoli.md\" \/>\n<meta property=\"og:description\" content=\"\u0418\u043d\u0444\u043e\u0440\u043c\u0430\u0446\u0438\u044f \u043e \u043a\u043e\u043c\u043f\u0430\u043d\u0438\u0438, \u0442\u0435\u043b\u0435\u0444\u043e\u043d, \u0430\u0434\u0440\u0435\u0441, \u0444\u043e\u0440\u043c\u0430 \u0441\u043e\u0431\u0441\u0442\u0432\u0435\u043d\u043d\u043e\u0441\u0442\u0438, \u043f\u0440\u0435\u0434\u043e\u0441\u0442\u0430\u0432\u043b\u044f\u0435\u043c\u044b\u0435 \u0442\u043e\u0432\u0430\u0440\u044b \u0438 \u0443\u0441\u043b\u0443\u0433\u0438, \u041e\u041e\u041e \u041a\u0440\u043e\u0432\u043b\u044f\u0421\u0438\u0442\u0438\" \/>\n<meta property=\"og:url\" content=\"https:\/\/tehnonikoli.md\/ro\/about\/\" \/>\n<meta property=\"og:site_name\" content=\"Tehnonikoli.md\" \/>\n<meta property=\"article:modified_time\" content=\"2021-11-11T07:34:52+00:00\" \/>\n<meta name=\"twitter:card\" content=\"summary_large_image\" \/>\n<script type=\"application\/ld+json\" class=\"yoast-schema-graph\">{\"@context\":\"https:\/\/schema.org\",\"@graph\":[{\"@type\":\"WebSite\",\"@id\":\"https:\/\/tehnonikoli.md\/#website\",\"url\":\"https:\/\/tehnonikoli.md\/\",\"name\":\"Tehnonikoli.md\",\"description\":\"\",\"potentialAction\":[{\"@type\":\"SearchAction\",\"target\":{\"@type\":\"EntryPoint\",\"urlTemplate\":\"https:\/\/tehnonikoli.md\/?s={search_term_string}\"},\"query-input\":\"required name=search_term_string\"}],\"inLanguage\":\"ro-RO\"},{\"@type\":\"WebPage\",\"@id\":\"https:\/\/tehnonikoli.md\/about\/#webpage\",\"url\":\"https:\/\/tehnonikoli.md\/about\/\",\"name\":\"\u0418\u043d\u0444\u043e\u0440\u043c\u0430\u0446\u0438\u044f \u043e \u043a\u043e\u043c\u043f\u0430\u043d\u0438\u0438 \u041e\u041e\u041e \u041a\u0440\u043e\u0432\u043b\u044f\u0421\u0438\u0442\u0438 - Tehnonikoli.md\",\"isPartOf\":{\"@id\":\"https:\/\/tehnonikoli.md\/#website\"},\"datePublished\":\"2021-10-07T09:40:39+00:00\",\"dateModified\":\"2021-11-11T07:34:52+00:00\",\"description\":\"\u0418\u043d\u0444\u043e\u0440\u043c\u0430\u0446\u0438\u044f \u043e \u043a\u043e\u043c\u043f\u0430\u043d\u0438\u0438, \u0442\u0435\u043b\u0435\u0444\u043e\u043d, \u0430\u0434\u0440\u0435\u0441, \u0444\u043e\u0440\u043c\u0430 \u0441\u043e\u0431\u0441\u0442\u0432\u0435\u043d\u043d\u043e\u0441\u0442\u0438, \u043f\u0440\u0435\u0434\u043e\u0441\u0442\u0430\u0432\u043b\u044f\u0435\u043c\u044b\u0435 \u0442\u043e\u0432\u0430\u0440\u044b \u0438 \u0443\u0441\u043b\u0443\u0433\u0438, \u041e\u041e\u041e \u041a\u0440\u043e\u0432\u043b\u044f\u0421\u0438\u0442\u0438\",\"breadcrumb\":{\"@id\":\"https:\/\/tehnonikoli.md\/about\/#breadcrumb\"},\"inLanguage\":\"ro-RO\",\"potentialAction\":[{\"@type\":\"ReadAction\",\"target\":[\"https:\/\/tehnonikoli.md\/about\/\"]}]},{\"@type\":\"BreadcrumbList\",\"@id\":\"https:\/\/tehnonikoli.md\/about\/#breadcrumb\",\"itemListElement\":[{\"@type\":\"ListItem\",\"position\":1,\"name\":\"\u0413\u043b\u0430\u0432\u043d\u0430\u044f \u0441\u0442\u0440\u0430\u043d\u0438\u0446\u0430\",\"item\":\"https:\/\/tehnonikoli.md\/\"},{\"@type\":\"ListItem\",\"position\":2,\"name\":\"\u041e \u043d\u0430\u0441\"}]}]}<\/script>\n<!-- \/ Yoast SEO plugin. -->","yoast_head_json":{"title":"\u0418\u043d\u0444\u043e\u0440\u043c\u0430\u0446\u0438\u044f \u043e \u043a\u043e\u043c\u043f\u0430\u043d\u0438\u0438 \u041e\u041e\u041e \u041a\u0440\u043e\u0432\u043b\u044f\u0421\u0438\u0442\u0438 - Tehnonikoli.md","description":"\u0418\u043d\u0444\u043e\u0440\u043c\u0430\u0446\u0438\u044f \u043e \u043a\u043e\u043c\u043f\u0430\u043d\u0438\u0438, \u0442\u0435\u043b\u0435\u0444\u043e\u043d, \u0430\u0434\u0440\u0435\u0441, \u0444\u043e\u0440\u043c\u0430 \u0441\u043e\u0431\u0441\u0442\u0432\u0435\u043d\u043d\u043e\u0441\u0442\u0438, \u043f\u0440\u0435\u0434\u043e\u0441\u0442\u0430\u0432\u043b\u044f\u0435\u043c\u044b\u0435 \u0442\u043e\u0432\u0430\u0440\u044b \u0438 \u0443\u0441\u043b\u0443\u0433\u0438, \u041e\u041e\u041e \u041a\u0440\u043e\u0432\u043b\u044f\u0421\u0438\u0442\u0438","robots":{"index":"index","follow":"follow","max-snippet":"max-snippet:-1","max-image-preview":"max-image-preview:large","max-video-preview":"max-video-preview:-1"},"canonical":"https:\/\/tehnonikoli.md\/ro\/about\/","og_locale":"ro_RO","og_type":"article","og_title":"\u0418\u043d\u0444\u043e\u0440\u043c\u0430\u0446\u0438\u044f \u043e \u043a\u043e\u043c\u043f\u0430\u043d\u0438\u0438 \u041e\u041e\u041e \u041a\u0440\u043e\u0432\u043b\u044f\u0421\u0438\u0442\u0438 - Tehnonikoli.md","og_description":"\u0418\u043d\u0444\u043e\u0440\u043c\u0430\u0446\u0438\u044f \u043e \u043a\u043e\u043c\u043f\u0430\u043d\u0438\u0438, \u0442\u0435\u043b\u0435\u0444\u043e\u043d, \u0430\u0434\u0440\u0435\u0441, \u0444\u043e\u0440\u043c\u0430 \u0441\u043e\u0431\u0441\u0442\u0432\u0435\u043d\u043d\u043e\u0441\u0442\u0438, \u043f\u0440\u0435\u0434\u043e\u0441\u0442\u0430\u0432\u043b\u044f\u0435\u043c\u044b\u0435 \u0442\u043e\u0432\u0430\u0440\u044b \u0438 \u0443\u0441\u043b\u0443\u0433\u0438, \u041e\u041e\u041e \u041a\u0440\u043e\u0432\u043b\u044f\u0421\u0438\u0442\u0438","og_url":"https:\/\/tehnonikoli.md\/ro\/about\/","og_site_name":"Tehnonikoli.md","article_modified_time":"2021-11-11T07:34:52+00:00","twitter_card":"summary_large_image","schema":{"@context":"https:\/\/schema.org","@graph":[{"@type":"WebSite","@id":"https:\/\/tehnonikoli.md\/#website","url":"https:\/\/tehnonikoli.md\/","name":"Tehnonikoli.md","description":"","potentialAction":[{"@type":"SearchAction","target":{"@type":"EntryPoint","urlTemplate":"https:\/\/tehnonikoli.md\/?s={search_term_string}"},"query-input":"required name=search_term_string"}],"inLanguage":"ro-RO"},{"@type":"WebPage","@id":"https:\/\/tehnonikoli.md\/about\/#webpage","url":"https:\/\/tehnonikoli.md\/about\/","name":"\u0418\u043d\u0444\u043e\u0440\u043c\u0430\u0446\u0438\u044f \u043e \u043a\u043e\u043c\u043f\u0430\u043d\u0438\u0438 \u041e\u041e\u041e \u041a\u0440\u043e\u0432\u043b\u044f\u0421\u0438\u0442\u0438 - Tehnonikoli.md","isPartOf":{"@id":"https:\/\/tehnonikoli.md\/#website"},"datePublished":"2021-10-07T09:40:39+00:00","dateModified":"2021-11-11T07:34:52+00:00","description":"\u0418\u043d\u0444\u043e\u0440\u043c\u0430\u0446\u0438\u044f \u043e \u043a\u043e\u043c\u043f\u0430\u043d\u0438\u0438, \u0442\u0435\u043b\u0435\u0444\u043e\u043d, \u0430\u0434\u0440\u0435\u0441, \u0444\u043e\u0440\u043c\u0430 \u0441\u043e\u0431\u0441\u0442\u0432\u0435\u043d\u043d\u043e\u0441\u0442\u0438, \u043f\u0440\u0435\u0434\u043e\u0441\u0442\u0430\u0432\u043b\u044f\u0435\u043c\u044b\u0435 \u0442\u043e\u0432\u0430\u0440\u044b \u0438 \u0443\u0441\u043b\u0443\u0433\u0438, \u041e\u041e\u041e \u041a\u0440\u043e\u0432\u043b\u044f\u0421\u0438\u0442\u0438","breadcrumb":{"@id":"https:\/\/tehnonikoli.md\/about\/#breadcrumb"},"inLanguage":"ro-RO","potentialAction":[{"@type":"ReadAction","target":["https:\/\/tehnonikoli.md\/about\/"]}]},{"@type":"BreadcrumbList","@id":"https:\/\/tehnonikoli.md\/about\/#breadcrumb","itemListElement":[{"@type":"ListItem","position":1,"name":"\u0413\u043b\u0430\u0432\u043d\u0430\u044f \u0441\u0442\u0440\u0430\u043d\u0438\u0446\u0430","item":"https:\/\/tehnonikoli.md\/"},{"@type":"ListItem","position":2,"name":"\u041e \u043d\u0430\u0441"}]}]}},"_links":{"self":[{"href":"https:\/\/tehnonikoli.md\/ro\/wp-json\/wp\/v2\/pages\/24"}],"collection":[{"href":"https:\/\/tehnonikoli.md\/ro\/wp-json\/wp\/v2\/pages"}],"about":[{"href":"https:\/\/tehnonikoli.md\/ro\/wp-json\/wp\/v2\/types\/page"}],"author":[{"embeddable":true,"href":"https:\/\/tehnonikoli.md\/ro\/wp-json\/wp\/v2\/users\/1"}],"replies":[{"embeddable":true,"href":"https:\/\/tehnonikoli.md\/ro\/wp-json\/wp\/v2\/comments?post=24"}],"version-history":[{"count":34,"href":"https:\/\/tehnonikoli.md\/ro\/wp-json\/wp\/v2\/pages\/24\/revisions"}],"predecessor-version":[{"id":8367,"href":"https:\/\/tehnonikoli.md\/ro\/wp-json\/wp\/v2\/pages\/24\/revisions\/8367"}],"wp:attachment":[{"href":"https:\/\/tehnonikoli.md\/ro\/wp-json\/wp\/v2\/media?parent=24"}],"curies":[{"name":"wp","href":"https:\/\/api.w.org\/{rel}","templated":true}]}}